{"id":7,"date":"2025-07-11T14:32:55","date_gmt":"2025-07-11T14:32:55","guid":{"rendered":"https:\/\/simpleforms.lv\/index.php\/cart\/"},"modified":"2026-01-30T10:09:46","modified_gmt":"2026-01-30T10:09:46","slug":"cart","status":"publish","type":"page","link":"https:\/\/simpleforms.lv\/lv\/cart\/","title":{"rendered":"Grozs"},"content":{"rendered":"<div data-block-name=\"woocommerce\/cart\" class=\"wp-block-woocommerce-cart alignwide is-loading\">\n<div data-block-name=\"woocommerce\/filled-cart-block\" class=\"wp-block-woocommerce-filled-cart-block\">\n<div data-block-name=\"woocommerce\/cart-items-block\" class=\"wp-block-woocommerce-cart-items-block\">\n<div data-block-name=\"woocommerce\/cart-line-items-block\" class=\"wp-block-woocommerce-cart-line-items-block\"><\/div>\n\n\n\n<div data-block-name=\"woocommerce\/cart-cross-sells-block\" class=\"wp-block-woocommerce-cart-cross-sells-block\">\n<h2 class=\"wp-block-heading has-large-font-size\">You may be interested in\u2026<\/h2>\n\n\n\n<div data-block-name=\"woocommerce\/cart-cross-sells-products-block\" class=\"wp-block-woocommerce-cart-cross-sells-products-block\"><\/div>\n<\/div>\n    \n\r\n    <div class=\"wp-block-wgb-wc-gift\"><\/div>\r\n    \n<\/div>\n\n\n\n<div data-block-name=\"woocommerce\/cart-totals-block\" class=\"wp-block-woocommerce-cart-totals-block\">\n<div data-block-name=\"woocommerce\/cart-order-summary-block\" class=\"wp-block-woocommerce-cart-order-summary-block\">\n<div data-block-name=\"woocommerce\/cart-order-summary-heading-block\" class=\"wp-block-woocommerce-cart-order-summary-heading-block\"><\/div><div data-block-name=\"woocommerce\/cart-order-summary-coupon-form-block\" class=\"wp-block-woocommerce-cart-order-summary-coupon-form-block\"><\/div><div data-block-name=\"woocommerce\/cart-order-summary-totals-block\" class=\"wp-block-woocommerce-cart-order-summary-totals-block\">\n<div data-block-name=\"woocommerce\/cart-order-summary-subtotal-block\" class=\"wp-block-woocommerce-cart-order-summary-subtotal-block\"><\/div>\n<div data-block-name=\"woocommerce\/cart-order-summary-discount-block\" class=\"wp-block-woocommerce-cart-order-summary-discount-block\"><\/div>\n<div data-block-name=\"woocommerce\/cart-order-summary-fee-block\" class=\"wp-block-woocommerce-cart-order-summary-fee-block\"><\/div>\n<div data-block-name=\"woocommerce\/cart-order-summary-shipping-block\" class=\"wp-block-woocommerce-cart-order-summary-shipping-block\"><\/div>\n<div data-block-name=\"woocommerce\/cart-order-summary-taxes-block\" class=\"wp-block-woocommerce-cart-order-summary-taxes-block\"><\/div><\/div>\n<\/div>\n\n\n\n<div data-block-name=\"woocommerce\/cart-express-payment-block\" class=\"wp-block-woocommerce-cart-express-payment-block\"><\/div>\n\n\n\n<div data-block-name=\"woocommerce\/proceed-to-checkout-block\" class=\"wp-block-woocommerce-proceed-to-checkout-block\"><\/div>\n\n\n\n<div data-block-name=\"woocommerce\/cart-accepted-payment-methods-block\" class=\"wp-block-woocommerce-cart-accepted-payment-methods-block\"><\/div>\n<\/div>\n<\/div>\n\n\n\n<div data-block-name=\"woocommerce\/empty-cart-block\" class=\"wp-block-woocommerce-empty-cart-block\">\n<h2 class=\"wp-block-heading has-text-align-center with-empty-cart-icon wc-block-cart__empty-cart__title\">Your cart is currently empty!<\/h2>\n\n\n\n<hr class=\"wp-block-separator has-alpha-channel-opacity is-style-dots\"\/>\n\n\n\n<h2 class=\"wp-block-heading has-text-align-center\">New in store<\/h2>\n\n\n<div data-block-name=\"woocommerce\/product-new\" data-columns=\"4\" data-rows=\"1\" class=\"wc-block-grid wp-block-product-new wp-block-woocommerce-product-new wc-block-product-new has-4-columns\"><ul class=\"wc-block-grid__products\"><li class=\"wc-block-grid__product product-grid\">\n\t\t\t\t<div class=\"loop-image-wrap botiga-add-to-cart-button-layout3\">\n\t\t\t\t\t<a href=\"https:\/\/simpleforms.lv\/lv\/products\/%d1%85%d1%83%d0%b4%d0%b8-%d0%bc%d1%83%d0%b6%d1%81%d0%ba%d0%be%d0%b9-%d0%bc%d0%be%d0%bb%d0%be%d1%87%d0%bd%d1%8b%d0%b9-%d1%81-%d0%b2%d1%8b%d1%81%d0%be%d0%ba%d0%b8%d0%bc-%d0%ba%d0%b0%d0%bf%d1%8e%d1%88\/\" class=\"wc-block-grid__product-link\" title=\"Izv\u0113lieties\" data-no-translation-title=\"\">\n\t\t\t\t\t\t<div class=\"wc-block-grid__product-image\"><img loading=\"lazy\" decoding=\"async\" width=\"420\" height=\"630\" src=\"https:\/\/simpleforms.lv\/wp-content\/uploads\/2026\/02\/DSC0314\u0431\u0435\u043b\u044b\u0439-1-420x630.jpg\" class=\"attachment-woocommerce_thumbnail size-woocommerce_thumbnail\" alt=\"\u0425\u0443\u0434\u0438 \u043c\u0443\u0436\u0441\u043a\u043e\u0439 \u043c\u043e\u043b\u043e\u0447\u043d\u044b\u0439 \u0441 \u0432\u044b\u0441\u043e\u043a\u0438\u043c \u043a\u0430\u043f\u044e\u0448\u043e\u043d\u043e\u043c\" srcset=\"https:\/\/simpleforms.lv\/wp-content\/uploads\/2026\/02\/DSC0314\u0431\u0435\u043b\u044b\u0439-1-420x630.jpg 420w, https:\/\/simpleforms.lv\/wp-content\/uploads\/2026\/02\/DSC0314\u0431\u0435\u043b\u044b\u0439-1-200x300.jpg 200w, https:\/\/simpleforms.lv\/wp-content\/uploads\/2026\/02\/DSC0314\u0431\u0435\u043b\u044b\u0439-1-682x1024.jpg 682w, https:\/\/simpleforms.lv\/wp-content\/uploads\/2026\/02\/DSC0314\u0431\u0435\u043b\u044b\u0439-1-768x1153.jpg 768w, https:\/\/simpleforms.lv\/wp-content\/uploads\/2026\/02\/DSC0314\u0431\u0435\u043b\u044b\u0439-1-1023x1536.jpg 1023w, https:\/\/simpleforms.lv\/wp-content\/uploads\/2026\/02\/DSC0314\u0431\u0435\u043b\u044b\u0439-1-1364x2048.jpg 1364w, https:\/\/simpleforms.lv\/wp-content\/uploads\/2026\/02\/DSC0314\u0431\u0435\u043b\u044b\u0439-1-8x12.jpg 8w, https:\/\/simpleforms.lv\/wp-content\/uploads\/2026\/02\/DSC0314\u0431\u0435\u043b\u044b\u0439-1-1140x1711.jpg 1140w, https:\/\/simpleforms.lv\/wp-content\/uploads\/2026\/02\/DSC0314\u0431\u0435\u043b\u044b\u0439-1-920x1381.jpg 920w, https:\/\/simpleforms.lv\/wp-content\/uploads\/2026\/02\/DSC0314\u0431\u0435\u043b\u044b\u0439-1-575x863.jpg 575w, https:\/\/simpleforms.lv\/wp-content\/uploads\/2026\/02\/DSC0314\u0431\u0435\u043b\u044b\u0439-1-380x570.jpg 380w, https:\/\/simpleforms.lv\/wp-content\/uploads\/2026\/02\/DSC0314\u0431\u0435\u043b\u044b\u0439-1-800x1201.jpg 800w, https:\/\/simpleforms.lv\/wp-content\/uploads\/2026\/02\/DSC0314\u0431\u0435\u043b\u044b\u0439-1-scaled.jpg 1705w\" sizes=\"auto, (max-width: 420px) 100vw, 420px\" \/><\/div>\n\t\t\t\t\t<\/a><div class=\"loop-button-wrap button-width-auto button-layout3\"><a href=\"https:\/\/simpleforms.lv\/lv\/products\/%d1%85%d1%83%d0%b4%d0%b8-%d0%bc%d1%83%d0%b6%d1%81%d0%ba%d0%be%d0%b9-%d0%bc%d0%be%d0%bb%d0%be%d1%87%d0%bd%d1%8b%d0%b9-%d1%81-%d0%b2%d1%8b%d1%81%d0%be%d0%ba%d0%b8%d0%bc-%d0%ba%d0%b0%d0%bf%d1%8e%d1%88\/\" aria-label=\"Izv\u0113lieties opcijas priek\u0161 \u201c\u0425\u0443\u0434\u0438 \u043c\u0443\u0436\u0441\u043a\u043e\u0439 \u043c\u043e\u043b\u043e\u0447\u043d\u044b\u0439 \u0441 \u0432\u044b\u0441\u043e\u043a\u0438\u043c \u043a\u0430\u043f\u044e\u0448\u043e\u043d\u043e\u043c\u201d\" data-quantity=\"1\" data-product_id=\"928\" data-product_sku=\"\" rel=\"nofollow\" class=\"button wp-block-button__link add_to_cart_button\" data-no-translation=\"\" data-trp-gettext=\"\" data-no-translation-aria-label=\"\">Izv\u0113lieties<\/a><\/div><\/div><a href=\"https:\/\/simpleforms.lv\/lv\/products\/%d1%85%d1%83%d0%b4%d0%b8-%d0%bc%d1%83%d0%b6%d1%81%d0%ba%d0%be%d0%b9-%d0%bc%d0%be%d0%bb%d0%be%d1%87%d0%bd%d1%8b%d0%b9-%d1%81-%d0%b2%d1%8b%d1%81%d0%be%d0%ba%d0%b8%d0%bc-%d0%ba%d0%b0%d0%bf%d1%8e%d1%88\/\" class=\"wc-block-grid__product-link\">\n\t\t\t\t\t<div class=\"wc-block-grid__product-title\">V\u012brie\u0161u pienbalts h\u016bdijs ar augstu kapuci<\/div>\n\t\t\t\t<\/a><div class=\"wc-block-grid__product-price price\"><span class=\"woocommerce-Price-amount amount\">65.00<span class=\"woocommerce-Price-currencySymbol\">&euro;<\/span><\/span><\/div><\/li><li class=\"wc-block-grid__product product-grid\">\n\t\t\t\t<div class=\"loop-image-wrap botiga-add-to-cart-button-layout3\">\n\t\t\t\t\t<a href=\"https:\/\/simpleforms.lv\/lv\/products\/%d1%85%d1%83%d0%b4%d0%b8-%d0%bc%d1%83%d0%b6%d1%81%d0%ba%d0%be%d0%b9-%d1%81%d0%b2%d0%b5%d1%82%d0%bb%d0%be-%d0%ba%d0%be%d1%80%d0%b8%d1%87%d0%bd%d0%b5%d0%b2%d1%8b%d0%b9-%d1%81-%d0%b2%d1%8b%d1%81%d0%be\/\" class=\"wc-block-grid__product-link\" title=\"Izv\u0113lieties\" data-no-translation-title=\"\">\n\t\t\t\t\t\t<div class=\"wc-block-grid__product-image\"><img loading=\"lazy\" decoding=\"async\" width=\"420\" height=\"630\" src=\"https:\/\/simpleforms.lv\/wp-content\/uploads\/2026\/02\/DSC0314\u0441\u043a\u043e\u0440\u0438\u0447\u043d\u0435\u0432\u044b\u0439-3-420x630.jpg\" class=\"attachment-woocommerce_thumbnail size-woocommerce_thumbnail\" alt=\"\u0425\u0443\u0434\u0438 \u043c\u0443\u0436\u0441\u043a\u043e\u0439 \u0441\u0432\u0435\u0442\u043b\u043e-\u043a\u043e\u0440\u0438\u0447\u043d\u0435\u0432\u044b\u0439 \u0441 \u0432\u044b\u0441\u043e\u043a\u0438\u043c \u043a\u0430\u043f\u044e\u0448\u043e\u043d\u043e\u043c\" srcset=\"https:\/\/simpleforms.lv\/wp-content\/uploads\/2026\/02\/DSC0314\u0441\u043a\u043e\u0440\u0438\u0447\u043d\u0435\u0432\u044b\u0439-3-420x630.jpg 420w, https:\/\/simpleforms.lv\/wp-content\/uploads\/2026\/02\/DSC0314\u0441\u043a\u043e\u0440\u0438\u0447\u043d\u0435\u0432\u044b\u0439-3-200x300.jpg 200w, https:\/\/simpleforms.lv\/wp-content\/uploads\/2026\/02\/DSC0314\u0441\u043a\u043e\u0440\u0438\u0447\u043d\u0435\u0432\u044b\u0439-3-682x1024.jpg 682w, https:\/\/simpleforms.lv\/wp-content\/uploads\/2026\/02\/DSC0314\u0441\u043a\u043e\u0440\u0438\u0447\u043d\u0435\u0432\u044b\u0439-3-768x1153.jpg 768w, https:\/\/simpleforms.lv\/wp-content\/uploads\/2026\/02\/DSC0314\u0441\u043a\u043e\u0440\u0438\u0447\u043d\u0435\u0432\u044b\u0439-3-1023x1536.jpg 1023w, https:\/\/simpleforms.lv\/wp-content\/uploads\/2026\/02\/DSC0314\u0441\u043a\u043e\u0440\u0438\u0447\u043d\u0435\u0432\u044b\u0439-3-1364x2048.jpg 1364w, https:\/\/simpleforms.lv\/wp-content\/uploads\/2026\/02\/DSC0314\u0441\u043a\u043e\u0440\u0438\u0447\u043d\u0435\u0432\u044b\u0439-3-8x12.jpg 8w, https:\/\/simpleforms.lv\/wp-content\/uploads\/2026\/02\/DSC0314\u0441\u043a\u043e\u0440\u0438\u0447\u043d\u0435\u0432\u044b\u0439-3-1140x1711.jpg 1140w, https:\/\/simpleforms.lv\/wp-content\/uploads\/2026\/02\/DSC0314\u0441\u043a\u043e\u0440\u0438\u0447\u043d\u0435\u0432\u044b\u0439-3-920x1381.jpg 920w, https:\/\/simpleforms.lv\/wp-content\/uploads\/2026\/02\/DSC0314\u0441\u043a\u043e\u0440\u0438\u0447\u043d\u0435\u0432\u044b\u0439-3-575x863.jpg 575w, https:\/\/simpleforms.lv\/wp-content\/uploads\/2026\/02\/DSC0314\u0441\u043a\u043e\u0440\u0438\u0447\u043d\u0435\u0432\u044b\u0439-3-380x570.jpg 380w, https:\/\/simpleforms.lv\/wp-content\/uploads\/2026\/02\/DSC0314\u0441\u043a\u043e\u0440\u0438\u0447\u043d\u0435\u0432\u044b\u0439-3-800x1201.jpg 800w, https:\/\/simpleforms.lv\/wp-content\/uploads\/2026\/02\/DSC0314\u0441\u043a\u043e\u0440\u0438\u0447\u043d\u0435\u0432\u044b\u0439-3-scaled.jpg 1705w\" sizes=\"auto, (max-width: 420px) 100vw, 420px\" \/><\/div>\n\t\t\t\t\t<\/a><div class=\"loop-button-wrap button-width-auto button-layout3\"><a href=\"https:\/\/simpleforms.lv\/lv\/products\/%d1%85%d1%83%d0%b4%d0%b8-%d0%bc%d1%83%d0%b6%d1%81%d0%ba%d0%be%d0%b9-%d1%81%d0%b2%d0%b5%d1%82%d0%bb%d0%be-%d0%ba%d0%be%d1%80%d0%b8%d1%87%d0%bd%d0%b5%d0%b2%d1%8b%d0%b9-%d1%81-%d0%b2%d1%8b%d1%81%d0%be\/\" aria-label=\"Izv\u0113lieties opcijas priek\u0161 \u201c\u0425\u0443\u0434\u0438 \u043c\u0443\u0436\u0441\u043a\u043e\u0439 \u0441\u0432\u0435\u0442\u043b\u043e-\u043a\u043e\u0440\u0438\u0447\u043d\u0435\u0432\u044b\u0439 \u0441 \u0432\u044b\u0441\u043e\u043a\u0438\u043c \u043a\u0430\u043f\u044e\u0448\u043e\u043d\u043e\u043c\u201d\" data-quantity=\"1\" data-product_id=\"919\" data-product_sku=\"\" rel=\"nofollow\" class=\"button wp-block-button__link add_to_cart_button\" data-no-translation=\"\" data-trp-gettext=\"\" data-no-translation-aria-label=\"\">Izv\u0113lieties<\/a><\/div><\/div><a href=\"https:\/\/simpleforms.lv\/lv\/products\/%d1%85%d1%83%d0%b4%d0%b8-%d0%bc%d1%83%d0%b6%d1%81%d0%ba%d0%be%d0%b9-%d1%81%d0%b2%d0%b5%d1%82%d0%bb%d0%be-%d0%ba%d0%be%d1%80%d0%b8%d1%87%d0%bd%d0%b5%d0%b2%d1%8b%d0%b9-%d1%81-%d0%b2%d1%8b%d1%81%d0%be\/\" class=\"wc-block-grid__product-link\">\n\t\t\t\t\t<div class=\"wc-block-grid__product-title\">V\u012brie\u0161u gai\u0161i br\u016bns h\u016bdijs ar augstu kapuci<\/div>\n\t\t\t\t<\/a><div class=\"wc-block-grid__product-price price\"><span class=\"woocommerce-Price-amount amount\">65.00<span class=\"woocommerce-Price-currencySymbol\">&euro;<\/span><\/span><\/div><\/li><li class=\"wc-block-grid__product product-grid\">\n\t\t\t\t<div class=\"loop-image-wrap botiga-add-to-cart-button-layout3\">\n\t\t\t\t\t<a href=\"https:\/\/simpleforms.lv\/lv\/products\/%d1%85%d1%83%d0%b4%d0%b8-%d0%bc%d1%83%d0%b6%d1%81%d0%ba%d0%be%d0%b9-%d1%82%d0%b5%d0%bc%d0%bd%d0%be-%d0%ba%d0%be%d1%80%d0%b8%d1%87%d0%bd%d0%b5%d0%b2%d1%8b%d0%b9-%d1%81-%d0%b2%d1%8b%d1%81%d0%be%d0%ba\/\" class=\"wc-block-grid__product-link\" title=\"Izv\u0113lieties\" data-no-translation-title=\"\">\n\t\t\t\t\t\t<div class=\"wc-block-grid__product-image\"><img loading=\"lazy\" decoding=\"async\" width=\"420\" height=\"630\" src=\"https:\/\/simpleforms.lv\/wp-content\/uploads\/2026\/02\/DSC0314\u0442\u043a\u043e\u0440\u0438\u0447\u043d\u0435\u0432\u044b\u0439-1-420x630.jpg\" class=\"attachment-woocommerce_thumbnail size-woocommerce_thumbnail\" alt=\"\u0425\u0443\u0434\u0438 \u043c\u0443\u0436\u0441\u043a\u043e\u0439 \u0442\u0435\u043c\u043d\u043e-\u043a\u043e\u0440\u0438\u0447\u043d\u0435\u0432\u044b\u0439 \u0441 \u0432\u044b\u0441\u043e\u043a\u0438\u043c \u043a\u0430\u043f\u044e\u0448\u043e\u043d\u043e\u043c\" srcset=\"https:\/\/simpleforms.lv\/wp-content\/uploads\/2026\/02\/DSC0314\u0442\u043a\u043e\u0440\u0438\u0447\u043d\u0435\u0432\u044b\u0439-1-420x630.jpg 420w, https:\/\/simpleforms.lv\/wp-content\/uploads\/2026\/02\/DSC0314\u0442\u043a\u043e\u0440\u0438\u0447\u043d\u0435\u0432\u044b\u0439-1-200x300.jpg 200w, https:\/\/simpleforms.lv\/wp-content\/uploads\/2026\/02\/DSC0314\u0442\u043a\u043e\u0440\u0438\u0447\u043d\u0435\u0432\u044b\u0439-1-682x1024.jpg 682w, https:\/\/simpleforms.lv\/wp-content\/uploads\/2026\/02\/DSC0314\u0442\u043a\u043e\u0440\u0438\u0447\u043d\u0435\u0432\u044b\u0439-1-768x1153.jpg 768w, https:\/\/simpleforms.lv\/wp-content\/uploads\/2026\/02\/DSC0314\u0442\u043a\u043e\u0440\u0438\u0447\u043d\u0435\u0432\u044b\u0439-1-1023x1536.jpg 1023w, https:\/\/simpleforms.lv\/wp-content\/uploads\/2026\/02\/DSC0314\u0442\u043a\u043e\u0440\u0438\u0447\u043d\u0435\u0432\u044b\u0439-1-1364x2048.jpg 1364w, https:\/\/simpleforms.lv\/wp-content\/uploads\/2026\/02\/DSC0314\u0442\u043a\u043e\u0440\u0438\u0447\u043d\u0435\u0432\u044b\u0439-1-8x12.jpg 8w, https:\/\/simpleforms.lv\/wp-content\/uploads\/2026\/02\/DSC0314\u0442\u043a\u043e\u0440\u0438\u0447\u043d\u0435\u0432\u044b\u0439-1-1140x1711.jpg 1140w, https:\/\/simpleforms.lv\/wp-content\/uploads\/2026\/02\/DSC0314\u0442\u043a\u043e\u0440\u0438\u0447\u043d\u0435\u0432\u044b\u0439-1-920x1381.jpg 920w, https:\/\/simpleforms.lv\/wp-content\/uploads\/2026\/02\/DSC0314\u0442\u043a\u043e\u0440\u0438\u0447\u043d\u0435\u0432\u044b\u0439-1-575x863.jpg 575w, https:\/\/simpleforms.lv\/wp-content\/uploads\/2026\/02\/DSC0314\u0442\u043a\u043e\u0440\u0438\u0447\u043d\u0435\u0432\u044b\u0439-1-380x570.jpg 380w, https:\/\/simpleforms.lv\/wp-content\/uploads\/2026\/02\/DSC0314\u0442\u043a\u043e\u0440\u0438\u0447\u043d\u0435\u0432\u044b\u0439-1-800x1201.jpg 800w, https:\/\/simpleforms.lv\/wp-content\/uploads\/2026\/02\/DSC0314\u0442\u043a\u043e\u0440\u0438\u0447\u043d\u0435\u0432\u044b\u0439-1-scaled.jpg 1705w\" sizes=\"auto, (max-width: 420px) 100vw, 420px\" \/><\/div>\n\t\t\t\t\t<\/a><div class=\"loop-button-wrap button-width-auto button-layout3\"><a href=\"https:\/\/simpleforms.lv\/lv\/products\/%d1%85%d1%83%d0%b4%d0%b8-%d0%bc%d1%83%d0%b6%d1%81%d0%ba%d0%be%d0%b9-%d1%82%d0%b5%d0%bc%d0%bd%d0%be-%d0%ba%d0%be%d1%80%d0%b8%d1%87%d0%bd%d0%b5%d0%b2%d1%8b%d0%b9-%d1%81-%d0%b2%d1%8b%d1%81%d0%be%d0%ba\/\" aria-label=\"Izv\u0113lieties opcijas priek\u0161 \u201c\u0425\u0443\u0434\u0438 \u043c\u0443\u0436\u0441\u043a\u043e\u0439 \u0442\u0435\u043c\u043d\u043e-\u043a\u043e\u0440\u0438\u0447\u043d\u0435\u0432\u044b\u0439 \u0441 \u0432\u044b\u0441\u043e\u043a\u0438\u043c \u043a\u0430\u043f\u044e\u0448\u043e\u043d\u043e\u043c\u201d\" data-quantity=\"1\" data-product_id=\"912\" data-product_sku=\"\" rel=\"nofollow\" class=\"button wp-block-button__link add_to_cart_button\" data-no-translation=\"\" data-trp-gettext=\"\" data-no-translation-aria-label=\"\">Izv\u0113lieties<\/a><\/div><\/div><a href=\"https:\/\/simpleforms.lv\/lv\/products\/%d1%85%d1%83%d0%b4%d0%b8-%d0%bc%d1%83%d0%b6%d1%81%d0%ba%d0%be%d0%b9-%d1%82%d0%b5%d0%bc%d0%bd%d0%be-%d0%ba%d0%be%d1%80%d0%b8%d1%87%d0%bd%d0%b5%d0%b2%d1%8b%d0%b9-%d1%81-%d0%b2%d1%8b%d1%81%d0%be%d0%ba\/\" class=\"wc-block-grid__product-link\">\n\t\t\t\t\t<div class=\"wc-block-grid__product-title\">V\u012brie\u0161u tum\u0161i br\u016bns h\u016bdijs ar augstu kapuci<\/div>\n\t\t\t\t<\/a><div class=\"wc-block-grid__product-price price\"><span class=\"woocommerce-Price-amount amount\">65.00<span class=\"woocommerce-Price-currencySymbol\">&euro;<\/span><\/span><\/div><\/li><li class=\"wc-block-grid__product product-grid\">\n\t\t\t\t<div class=\"loop-image-wrap botiga-add-to-cart-button-layout3\">\n\t\t\t\t\t<a href=\"https:\/\/simpleforms.lv\/lv\/products\/%d1%85%d1%83%d0%b4%d0%b8-%d0%bc%d1%83%d0%b6%d1%81%d0%ba%d0%be%d0%b9-%d1%82%d0%b5%d0%bc%d0%bd%d0%be-%d1%81%d0%b8%d0%bd%d0%b8%d0%b9-%d1%81-%d0%b2%d1%8b%d1%81%d0%be%d0%ba%d0%b8%d0%bc-%d0%ba%d0%b0%d0%bf\/\" class=\"wc-block-grid__product-link\" title=\"Izv\u0113lieties\" data-no-translation-title=\"\">\n\t\t\t\t\t\t<div class=\"wc-block-grid__product-image\"><img loading=\"lazy\" decoding=\"async\" width=\"420\" height=\"630\" src=\"https:\/\/simpleforms.lv\/wp-content\/uploads\/2026\/02\/DSC0314\u0441\u0438\u043d\u0438\u0439-2-420x630.jpg\" class=\"attachment-woocommerce_thumbnail size-woocommerce_thumbnail\" alt=\"\u0425\u0443\u0434\u0438 \u043c\u0443\u0436\u0441\u043a\u043e\u0439 \u0442\u0435\u043c\u043d\u043e-\u0441\u0438\u043d\u0438\u0439 \u0441 \u0432\u044b\u0441\u043e\u043a\u0438\u043c \u043a\u0430\u043f\u044e\u0448\u043e\u043d\u043e\u043c\" srcset=\"https:\/\/simpleforms.lv\/wp-content\/uploads\/2026\/02\/DSC0314\u0441\u0438\u043d\u0438\u0439-2-420x630.jpg 420w, https:\/\/simpleforms.lv\/wp-content\/uploads\/2026\/02\/DSC0314\u0441\u0438\u043d\u0438\u0439-2-200x300.jpg 200w, https:\/\/simpleforms.lv\/wp-content\/uploads\/2026\/02\/DSC0314\u0441\u0438\u043d\u0438\u0439-2-682x1024.jpg 682w, https:\/\/simpleforms.lv\/wp-content\/uploads\/2026\/02\/DSC0314\u0441\u0438\u043d\u0438\u0439-2-768x1153.jpg 768w, https:\/\/simpleforms.lv\/wp-content\/uploads\/2026\/02\/DSC0314\u0441\u0438\u043d\u0438\u0439-2-1023x1536.jpg 1023w, https:\/\/simpleforms.lv\/wp-content\/uploads\/2026\/02\/DSC0314\u0441\u0438\u043d\u0438\u0439-2-1364x2048.jpg 1364w, https:\/\/simpleforms.lv\/wp-content\/uploads\/2026\/02\/DSC0314\u0441\u0438\u043d\u0438\u0439-2-8x12.jpg 8w, https:\/\/simpleforms.lv\/wp-content\/uploads\/2026\/02\/DSC0314\u0441\u0438\u043d\u0438\u0439-2-1140x1711.jpg 1140w, https:\/\/simpleforms.lv\/wp-content\/uploads\/2026\/02\/DSC0314\u0441\u0438\u043d\u0438\u0439-2-920x1381.jpg 920w, https:\/\/simpleforms.lv\/wp-content\/uploads\/2026\/02\/DSC0314\u0441\u0438\u043d\u0438\u0439-2-575x863.jpg 575w, https:\/\/simpleforms.lv\/wp-content\/uploads\/2026\/02\/DSC0314\u0441\u0438\u043d\u0438\u0439-2-380x570.jpg 380w, https:\/\/simpleforms.lv\/wp-content\/uploads\/2026\/02\/DSC0314\u0441\u0438\u043d\u0438\u0439-2-800x1201.jpg 800w, https:\/\/simpleforms.lv\/wp-content\/uploads\/2026\/02\/DSC0314\u0441\u0438\u043d\u0438\u0439-2-scaled.jpg 1705w\" sizes=\"auto, (max-width: 420px) 100vw, 420px\" \/><\/div>\n\t\t\t\t\t<\/a><div class=\"loop-button-wrap button-width-auto button-layout3\"><a href=\"https:\/\/simpleforms.lv\/lv\/products\/%d1%85%d1%83%d0%b4%d0%b8-%d0%bc%d1%83%d0%b6%d1%81%d0%ba%d0%be%d0%b9-%d1%82%d0%b5%d0%bc%d0%bd%d0%be-%d1%81%d0%b8%d0%bd%d0%b8%d0%b9-%d1%81-%d0%b2%d1%8b%d1%81%d0%be%d0%ba%d0%b8%d0%bc-%d0%ba%d0%b0%d0%bf\/\" aria-label=\"Izv\u0113lieties opcijas priek\u0161 \u201c\u0425\u0443\u0434\u0438 \u043c\u0443\u0436\u0441\u043a\u043e\u0439 \u0442\u0435\u043c\u043d\u043e-\u0441\u0438\u043d\u0438\u0439 \u0441 \u0432\u044b\u0441\u043e\u043a\u0438\u043c \u043a\u0430\u043f\u044e\u0448\u043e\u043d\u043e\u043c\u201d\" data-quantity=\"1\" data-product_id=\"904\" data-product_sku=\"\" rel=\"nofollow\" class=\"button wp-block-button__link add_to_cart_button\" data-no-translation=\"\" data-trp-gettext=\"\" data-no-translation-aria-label=\"\">Izv\u0113lieties<\/a><\/div><\/div><a href=\"https:\/\/simpleforms.lv\/lv\/products\/%d1%85%d1%83%d0%b4%d0%b8-%d0%bc%d1%83%d0%b6%d1%81%d0%ba%d0%be%d0%b9-%d1%82%d0%b5%d0%bc%d0%bd%d0%be-%d1%81%d0%b8%d0%bd%d0%b8%d0%b9-%d1%81-%d0%b2%d1%8b%d1%81%d0%be%d0%ba%d0%b8%d0%bc-%d0%ba%d0%b0%d0%bf\/\" class=\"wc-block-grid__product-link\">\n\t\t\t\t\t<div class=\"wc-block-grid__product-title\">V\u012brie\u0161u tum\u0161i zils h\u016bdijs ar augstu kapuci<\/div>\n\t\t\t\t<\/a><div class=\"wc-block-grid__product-price price\"><span class=\"woocommerce-Price-amount amount\">65.00<span class=\"woocommerce-Price-currencySymbol\">&euro;<\/span><\/span><\/div><\/li><\/ul><\/div><\/div>\n<\/div>","protected":false},"excerpt":{"rendered":"","protected":false},"author":1,"featured_media":0,"parent":0,"menu_order":0,"comment_status":"closed","ping_status":"closed","template":"","meta":{"footnotes":""},"class_list":["post-7","page","type-page","status-publish","hentry"],"_links":{"self":[{"href":"https:\/\/simpleforms.lv\/lv\/wp-json\/wp\/v2\/pages\/7","targetHints":{"allow":["GET"]}}],"collection":[{"href":"https:\/\/simpleforms.lv\/lv\/wp-json\/wp\/v2\/pages"}],"about":[{"href":"https:\/\/simpleforms.lv\/lv\/wp-json\/wp\/v2\/types\/page"}],"author":[{"embeddable":true,"href":"https:\/\/simpleforms.lv\/lv\/wp-json\/wp\/v2\/users\/1"}],"replies":[{"embeddable":true,"href":"https:\/\/simpleforms.lv\/lv\/wp-json\/wp\/v2\/comments?post=7"}],"version-history":[{"count":3,"href":"https:\/\/simpleforms.lv\/lv\/wp-json\/wp\/v2\/pages\/7\/revisions"}],"predecessor-version":[{"id":878,"href":"https:\/\/simpleforms.lv\/lv\/wp-json\/wp\/v2\/pages\/7\/revisions\/878"}],"wp:attachment":[{"href":"https:\/\/simpleforms.lv\/lv\/wp-json\/wp\/v2\/media?parent=7"}],"curies":[{"name":"wp","href":"https:\/\/api.w.org\/{rel}","templated":true}]}}