{"id":161,"date":"2025-09-17T08:12:37","date_gmt":"2025-09-17T08:12:37","guid":{"rendered":"https:\/\/simpleforms.lv\/?post_type=product&#038;p=161"},"modified":"2025-11-20T23:28:52","modified_gmt":"2025-11-20T23:28:52","slug":"%d1%85%d1%83%d0%b4%d0%b8-%d0%b6%d0%b5%d0%bd%d1%81%d0%ba%d0%b8%d0%b9-%d1%81%d0%b8%d0%bd%d0%b8%d0%b9","status":"publish","type":"product","link":"https:\/\/simpleforms.lv\/lv\/products\/%d1%85%d1%83%d0%b4%d0%b8-%d0%b6%d0%b5%d0%bd%d1%81%d0%ba%d0%b8%d0%b9-%d1%81%d0%b8%d0%bd%d0%b8%d0%b9\/","title":{"rendered":"Sievie\u0161u d\u017eemperis tum\u0161i zils"},"content":{"rendered":"","protected":false},"excerpt":{"rendered":"","protected":false},"featured_media":384,"comment_status":"open","ping_status":"closed","template":"","meta":[],"product_brand":[],"product_cat":[16,26],"product_tag":[],"class_list":{"0":"post-161","1":"product","2":"type-product","3":"status-publish","4":"has-post-thumbnail","6":"product_cat--ru","7":"product_cat----ru","8":"pa_-3xl-4xl-ru","9":"pa_-m-l-ru","10":"pa_-xl-2xl-ru","11":"pa_-xs-s-ru","13":"first","14":"instock","15":"shipping-taxable","16":"purchasable","17":"product-type-variable"},"_links":{"self":[{"href":"https:\/\/simpleforms.lv\/lv\/wp-json\/wp\/v2\/product\/161","targetHints":{"allow":["GET"]}}],"collection":[{"href":"https:\/\/simpleforms.lv\/lv\/wp-json\/wp\/v2\/product"}],"about":[{"href":"https:\/\/simpleforms.lv\/lv\/wp-json\/wp\/v2\/types\/product"}],"replies":[{"embeddable":true,"href":"https:\/\/simpleforms.lv\/lv\/wp-json\/wp\/v2\/comments?post=161"}],"wp:featuredmedia":[{"embeddable":true,"href":"https:\/\/simpleforms.lv\/lv\/wp-json\/wp\/v2\/media\/384"}],"wp:attachment":[{"href":"https:\/\/simpleforms.lv\/lv\/wp-json\/wp\/v2\/media?parent=161"}],"wp:term":[{"taxonomy":"product_brand","embeddable":true,"href":"https:\/\/simpleforms.lv\/lv\/wp-json\/wp\/v2\/product_brand?post=161"},{"taxonomy":"product_cat","embeddable":true,"href":"https:\/\/simpleforms.lv\/lv\/wp-json\/wp\/v2\/product_cat?post=161"},{"taxonomy":"product_tag","embeddable":true,"href":"https:\/\/simpleforms.lv\/lv\/wp-json\/wp\/v2\/product_tag?post=161"}],"curies":[{"name":"wp","href":"https:\/\/api.w.org\/{rel}","templated":true}]}}