{"id":491,"date":"2025-11-20T20:49:04","date_gmt":"2025-11-20T20:49:04","guid":{"rendered":"https:\/\/simpleforms.lv\/?post_type=product&#038;p=491"},"modified":"2025-11-20T23:28:08","modified_gmt":"2025-11-20T23:28:08","slug":"%d1%85%d1%83%d0%b4%d0%b8-%d0%b6%d0%b5%d0%bd%d1%81%d0%ba%d0%b8%d0%b9-%d1%81%d0%b2%d0%b5%d1%82%d0%bb%d0%be-%d0%ba%d0%be%d1%80%d0%b8%d1%87%d0%bd%d0%b5%d0%b2%d1%8b%d0%b9","status":"publish","type":"product","link":"https:\/\/simpleforms.lv\/lv\/products\/%d1%85%d1%83%d0%b4%d0%b8-%d0%b6%d0%b5%d0%bd%d1%81%d0%ba%d0%b8%d0%b9-%d1%81%d0%b2%d0%b5%d1%82%d0%bb%d0%be-%d0%ba%d0%be%d1%80%d0%b8%d1%87%d0%bd%d0%b5%d0%b2%d1%8b%d0%b9\/","title":{"rendered":"Sievie\u0161u gai\u0161i br\u016bns h\u016bdijs"},"content":{"rendered":"","protected":false},"excerpt":{"rendered":"","protected":false},"featured_media":493,"comment_status":"open","ping_status":"closed","template":"","meta":[],"product_brand":[],"product_cat":[16,26],"product_tag":[],"class_list":{"0":"post-491","1":"product","2":"type-product","3":"status-publish","4":"has-post-thumbnail","6":"product_cat--ru","7":"product_cat----ru","8":"pa_-3xl-4xl-ru","9":"pa_-m-l-ru","10":"pa_-xl-2xl-ru","11":"pa_-xs-s-ru","13":"first","14":"instock","15":"shipping-taxable","16":"purchasable","17":"product-type-variable"},"_links":{"self":[{"href":"https:\/\/simpleforms.lv\/lv\/wp-json\/wp\/v2\/product\/491","targetHints":{"allow":["GET"]}}],"collection":[{"href":"https:\/\/simpleforms.lv\/lv\/wp-json\/wp\/v2\/product"}],"about":[{"href":"https:\/\/simpleforms.lv\/lv\/wp-json\/wp\/v2\/types\/product"}],"replies":[{"embeddable":true,"href":"https:\/\/simpleforms.lv\/lv\/wp-json\/wp\/v2\/comments?post=491"}],"wp:featuredmedia":[{"embeddable":true,"href":"https:\/\/simpleforms.lv\/lv\/wp-json\/wp\/v2\/media\/493"}],"wp:attachment":[{"href":"https:\/\/simpleforms.lv\/lv\/wp-json\/wp\/v2\/media?parent=491"}],"wp:term":[{"taxonomy":"product_brand","embeddable":true,"href":"https:\/\/simpleforms.lv\/lv\/wp-json\/wp\/v2\/product_brand?post=491"},{"taxonomy":"product_cat","embeddable":true,"href":"https:\/\/simpleforms.lv\/lv\/wp-json\/wp\/v2\/product_cat?post=491"},{"taxonomy":"product_tag","embeddable":true,"href":"https:\/\/simpleforms.lv\/lv\/wp-json\/wp\/v2\/product_tag?post=491"}],"curies":[{"name":"wp","href":"https:\/\/api.w.org\/{rel}","templated":true}]}}