{"id":648,"date":"2025-12-23T15:53:43","date_gmt":"2025-12-23T15:53:43","guid":{"rendered":"https:\/\/simpleforms.lv\/?post_type=product&#038;p=648"},"modified":"2026-01-05T15:43:46","modified_gmt":"2026-01-05T15:43:46","slug":"%d1%85%d1%83%d0%b4%d0%b8-%d0%bc%d1%83%d0%b6%d1%81%d0%ba%d0%be%d0%b9-%d0%ba%d1%80%d0%b0%d1%81%d0%bd%d1%8b%d0%b9","status":"publish","type":"product","link":"https:\/\/simpleforms.lv\/lv\/products\/%d1%85%d1%83%d0%b4%d0%b8-%d0%bc%d1%83%d0%b6%d1%81%d0%ba%d0%be%d0%b9-%d0%ba%d1%80%d0%b0%d1%81%d0%bd%d1%8b%d0%b9\/","title":{"rendered":"V\u012brie\u0161u sarkans h\u016bdijs"},"content":{"rendered":"","protected":false},"excerpt":{"rendered":"","protected":false},"featured_media":716,"comment_status":"open","ping_status":"closed","template":"","meta":[],"product_brand":[],"product_cat":[17,30],"product_tag":[],"class_list":{"0":"post-648","1":"product","2":"type-product","3":"status-publish","4":"has-post-thumbnail","6":"product_cat-17","7":"product_cat-30","8":"pa_-3xl-4xl","9":"pa_-m-l","10":"pa_-xl-2xl","11":"pa_-xs-s","13":"first","14":"instock","15":"shipping-taxable","16":"purchasable","17":"product-type-variable"},"_links":{"self":[{"href":"https:\/\/simpleforms.lv\/lv\/wp-json\/wp\/v2\/product\/648","targetHints":{"allow":["GET"]}}],"collection":[{"href":"https:\/\/simpleforms.lv\/lv\/wp-json\/wp\/v2\/product"}],"about":[{"href":"https:\/\/simpleforms.lv\/lv\/wp-json\/wp\/v2\/types\/product"}],"replies":[{"embeddable":true,"href":"https:\/\/simpleforms.lv\/lv\/wp-json\/wp\/v2\/comments?post=648"}],"wp:featuredmedia":[{"embeddable":true,"href":"https:\/\/simpleforms.lv\/lv\/wp-json\/wp\/v2\/media\/716"}],"wp:attachment":[{"href":"https:\/\/simpleforms.lv\/lv\/wp-json\/wp\/v2\/media?parent=648"}],"wp:term":[{"taxonomy":"product_brand","embeddable":true,"href":"https:\/\/simpleforms.lv\/lv\/wp-json\/wp\/v2\/product_brand?post=648"},{"taxonomy":"product_cat","embeddable":true,"href":"https:\/\/simpleforms.lv\/lv\/wp-json\/wp\/v2\/product_cat?post=648"},{"taxonomy":"product_tag","embeddable":true,"href":"https:\/\/simpleforms.lv\/lv\/wp-json\/wp\/v2\/product_tag?post=648"}],"curies":[{"name":"wp","href":"https:\/\/api.w.org\/{rel}","templated":true}]}}