{"id":657,"date":"2025-12-23T16:15:41","date_gmt":"2025-12-23T16:15:41","guid":{"rendered":"https:\/\/simpleforms.lv\/?post_type=product&#038;p=657"},"modified":"2025-12-30T13:51:51","modified_gmt":"2025-12-30T13:51:51","slug":"%d1%88%d1%82%d0%b0%d0%bd%d1%8b-%d0%bc%d1%83%d0%b6%d1%81%d0%ba%d0%b8%d0%b5-%d0%b3%d0%be%d0%bb%d1%83%d0%b1%d1%8b%d0%b5","status":"publish","type":"product","link":"https:\/\/simpleforms.lv\/lv\/products\/%d1%88%d1%82%d0%b0%d0%bd%d1%8b-%d0%bc%d1%83%d0%b6%d1%81%d0%ba%d0%b8%d0%b5-%d0%b3%d0%be%d0%bb%d1%83%d0%b1%d1%8b%d0%b5\/","title":{"rendered":"V\u012brie\u0161u gai\u0161i zilas bikses"},"content":{"rendered":"","protected":false},"excerpt":{"rendered":"","protected":false},"featured_media":698,"comment_status":"open","ping_status":"closed","template":"","meta":[],"product_brand":[],"product_cat":[17,33],"product_tag":[],"class_list":{"0":"post-657","1":"product","2":"type-product","3":"status-publish","4":"has-post-thumbnail","6":"product_cat-17","7":"product_cat-33","8":"pa_-3xl-4xl","9":"pa_-m-l","10":"pa_-xl-2xl","11":"pa_-xs-s","13":"first","14":"instock","15":"shipping-taxable","16":"purchasable","17":"product-type-variable"},"_links":{"self":[{"href":"https:\/\/simpleforms.lv\/lv\/wp-json\/wp\/v2\/product\/657","targetHints":{"allow":["GET"]}}],"collection":[{"href":"https:\/\/simpleforms.lv\/lv\/wp-json\/wp\/v2\/product"}],"about":[{"href":"https:\/\/simpleforms.lv\/lv\/wp-json\/wp\/v2\/types\/product"}],"replies":[{"embeddable":true,"href":"https:\/\/simpleforms.lv\/lv\/wp-json\/wp\/v2\/comments?post=657"}],"wp:featuredmedia":[{"embeddable":true,"href":"https:\/\/simpleforms.lv\/lv\/wp-json\/wp\/v2\/media\/698"}],"wp:attachment":[{"href":"https:\/\/simpleforms.lv\/lv\/wp-json\/wp\/v2\/media?parent=657"}],"wp:term":[{"taxonomy":"product_brand","embeddable":true,"href":"https:\/\/simpleforms.lv\/lv\/wp-json\/wp\/v2\/product_brand?post=657"},{"taxonomy":"product_cat","embeddable":true,"href":"https:\/\/simpleforms.lv\/lv\/wp-json\/wp\/v2\/product_cat?post=657"},{"taxonomy":"product_tag","embeddable":true,"href":"https:\/\/simpleforms.lv\/lv\/wp-json\/wp\/v2\/product_tag?post=657"}],"curies":[{"name":"wp","href":"https:\/\/api.w.org\/{rel}","templated":true}]}}