{"id":677,"date":"2025-12-23T16:22:19","date_gmt":"2025-12-23T16:22:19","guid":{"rendered":"https:\/\/simpleforms.lv\/?post_type=product&#038;p=677"},"modified":"2026-01-18T09:19:58","modified_gmt":"2026-01-18T09:19:58","slug":"%d1%81%d0%b2%d0%b8%d1%82%d1%88%d0%be%d1%82-%d0%bc%d1%83%d0%b6%d1%81%d0%ba%d0%be%d0%b9-%d1%82%d1%91%d0%bc%d0%bd%d0%be-%d0%ba%d0%be%d1%80%d0%b8%d1%87%d0%bd%d0%b5%d0%b2%d1%8b%d0%b9","status":"publish","type":"product","link":"https:\/\/simpleforms.lv\/lv\/products\/%d1%81%d0%b2%d0%b8%d1%82%d1%88%d0%be%d1%82-%d0%bc%d1%83%d0%b6%d1%81%d0%ba%d0%be%d0%b9-%d1%82%d1%91%d0%bc%d0%bd%d0%be-%d0%ba%d0%be%d1%80%d0%b8%d1%87%d0%bd%d0%b5%d0%b2%d1%8b%d0%b9\/","title":{"rendered":"V\u012brie\u0161u tum\u0161i br\u016bns d\u017eemperis"},"content":{"rendered":"","protected":false},"excerpt":{"rendered":"","protected":false},"featured_media":736,"comment_status":"open","ping_status":"closed","template":"","meta":[],"product_brand":[],"product_cat":[17,83],"product_tag":[],"class_list":{"0":"post-677","1":"product","2":"type-product","3":"status-publish","4":"has-post-thumbnail","6":"product_cat-17","7":"product_cat-83","8":"pa_-3xl-4xl","9":"pa_-m-l","10":"pa_-xl-2xl","11":"pa_-xs-s","13":"first","14":"instock","15":"shipping-taxable","16":"purchasable","17":"product-type-variable"},"_links":{"self":[{"href":"https:\/\/simpleforms.lv\/lv\/wp-json\/wp\/v2\/product\/677","targetHints":{"allow":["GET"]}}],"collection":[{"href":"https:\/\/simpleforms.lv\/lv\/wp-json\/wp\/v2\/product"}],"about":[{"href":"https:\/\/simpleforms.lv\/lv\/wp-json\/wp\/v2\/types\/product"}],"replies":[{"embeddable":true,"href":"https:\/\/simpleforms.lv\/lv\/wp-json\/wp\/v2\/comments?post=677"}],"wp:featuredmedia":[{"embeddable":true,"href":"https:\/\/simpleforms.lv\/lv\/wp-json\/wp\/v2\/media\/736"}],"wp:attachment":[{"href":"https:\/\/simpleforms.lv\/lv\/wp-json\/wp\/v2\/media?parent=677"}],"wp:term":[{"taxonomy":"product_brand","embeddable":true,"href":"https:\/\/simpleforms.lv\/lv\/wp-json\/wp\/v2\/product_brand?post=677"},{"taxonomy":"product_cat","embeddable":true,"href":"https:\/\/simpleforms.lv\/lv\/wp-json\/wp\/v2\/product_cat?post=677"},{"taxonomy":"product_tag","embeddable":true,"href":"https:\/\/simpleforms.lv\/lv\/wp-json\/wp\/v2\/product_tag?post=677"}],"curies":[{"name":"wp","href":"https:\/\/api.w.org\/{rel}","templated":true}]}}