{"id":761,"date":"2025-12-30T14:04:37","date_gmt":"2025-12-30T14:04:37","guid":{"rendered":"https:\/\/simpleforms.lv\/?post_type=product&#038;p=761"},"modified":"2025-12-30T14:05:05","modified_gmt":"2025-12-30T14:05:05","slug":"%d1%88%d1%82%d0%b0%d0%bd%d1%8b-%d0%bc%d1%83%d0%b6%d1%81%d0%ba%d0%b8%d0%b5-%d1%81%d0%b2%d0%b5%d1%82%d0%bb%d0%be-%d0%ba%d0%be%d1%80%d0%b8%d1%87%d0%bd%d0%b5%d0%b2%d1%8b%d0%b5-2","status":"publish","type":"product","link":"https:\/\/simpleforms.lv\/lv\/products\/%d1%88%d1%82%d0%b0%d0%bd%d1%8b-%d0%bc%d1%83%d0%b6%d1%81%d0%ba%d0%b8%d0%b5-%d1%81%d0%b2%d0%b5%d1%82%d0%bb%d0%be-%d0%ba%d0%be%d1%80%d0%b8%d1%87%d0%bd%d0%b5%d0%b2%d1%8b%d0%b5-2\/","title":{"rendered":"V\u012brie\u0161u gai\u0161i br\u016bnas bikses"},"content":{"rendered":"","protected":false},"excerpt":{"rendered":"","protected":false},"featured_media":726,"comment_status":"open","ping_status":"closed","template":"","meta":[],"product_brand":[],"product_cat":[17,33],"product_tag":[],"class_list":{"0":"post-761","1":"product","2":"type-product","3":"status-publish","4":"has-post-thumbnail","6":"product_cat-17","7":"product_cat-33","8":"pa_-3xl-4xl","9":"pa_-m-l","10":"pa_-xl-2xl","11":"pa_-xs-s","13":"first","14":"instock","15":"shipping-taxable","16":"purchasable","17":"product-type-variable"},"_links":{"self":[{"href":"https:\/\/simpleforms.lv\/lv\/wp-json\/wp\/v2\/product\/761","targetHints":{"allow":["GET"]}}],"collection":[{"href":"https:\/\/simpleforms.lv\/lv\/wp-json\/wp\/v2\/product"}],"about":[{"href":"https:\/\/simpleforms.lv\/lv\/wp-json\/wp\/v2\/types\/product"}],"replies":[{"embeddable":true,"href":"https:\/\/simpleforms.lv\/lv\/wp-json\/wp\/v2\/comments?post=761"}],"wp:featuredmedia":[{"embeddable":true,"href":"https:\/\/simpleforms.lv\/lv\/wp-json\/wp\/v2\/media\/726"}],"wp:attachment":[{"href":"https:\/\/simpleforms.lv\/lv\/wp-json\/wp\/v2\/media?parent=761"}],"wp:term":[{"taxonomy":"product_brand","embeddable":true,"href":"https:\/\/simpleforms.lv\/lv\/wp-json\/wp\/v2\/product_brand?post=761"},{"taxonomy":"product_cat","embeddable":true,"href":"https:\/\/simpleforms.lv\/lv\/wp-json\/wp\/v2\/product_cat?post=761"},{"taxonomy":"product_tag","embeddable":true,"href":"https:\/\/simpleforms.lv\/lv\/wp-json\/wp\/v2\/product_tag?post=761"}],"curies":[{"name":"wp","href":"https:\/\/api.w.org\/{rel}","templated":true}]}}