{"id":824,"date":"2026-01-17T11:01:04","date_gmt":"2026-01-17T11:01:04","guid":{"rendered":"https:\/\/simpleforms.lv\/?post_type=product&#038;p=824"},"modified":"2026-01-17T21:10:51","modified_gmt":"2026-01-17T21:10:51","slug":"%d1%85%d1%83%d0%b4%d0%b8-%d0%b6%d0%b5%d0%bd%d1%81%d0%ba%d0%b8%d0%b9-%d0%b3%d0%be%d0%bb%d1%83%d0%b1%d0%be%d0%b9-%d1%81-%d0%b2%d1%8b%d1%81%d0%be%d0%ba%d0%b8%d0%bc-%d0%ba%d0%b0%d0%bf%d1%8e%d1%88%d0%be","status":"publish","type":"product","link":"https:\/\/simpleforms.lv\/lv\/products\/%d1%85%d1%83%d0%b4%d0%b8-%d0%b6%d0%b5%d0%bd%d1%81%d0%ba%d0%b8%d0%b9-%d0%b3%d0%be%d0%bb%d1%83%d0%b1%d0%be%d0%b9-%d1%81-%d0%b2%d1%8b%d1%81%d0%be%d0%ba%d0%b8%d0%bc-%d0%ba%d0%b0%d0%bf%d1%8e%d1%88%d0%be\/","title":{"rendered":"Sievie\u0161u gai\u0161i zils h\u016bdijs ar augstu kapuci"},"content":{"rendered":"","protected":false},"excerpt":{"rendered":"","protected":false},"featured_media":826,"comment_status":"open","ping_status":"closed","template":"","meta":[],"product_brand":[],"product_cat":[16,26],"product_tag":[],"class_list":{"0":"post-824","1":"product","2":"type-product","3":"status-publish","4":"has-post-thumbnail","6":"product_cat--ru","7":"product_cat----ru","8":"pa_-3xl-4xl-ru","9":"pa_-m-l-ru","10":"pa_-xl-2xl-ru","11":"pa_-xs-s-ru","12":"pa_-38","13":"pa_-39","14":"pa_-81","15":"pa_-40","17":"first","18":"instock","19":"shipping-taxable","20":"purchasable","21":"product-type-variable"},"_links":{"self":[{"href":"https:\/\/simpleforms.lv\/lv\/wp-json\/wp\/v2\/product\/824","targetHints":{"allow":["GET"]}}],"collection":[{"href":"https:\/\/simpleforms.lv\/lv\/wp-json\/wp\/v2\/product"}],"about":[{"href":"https:\/\/simpleforms.lv\/lv\/wp-json\/wp\/v2\/types\/product"}],"replies":[{"embeddable":true,"href":"https:\/\/simpleforms.lv\/lv\/wp-json\/wp\/v2\/comments?post=824"}],"wp:featuredmedia":[{"embeddable":true,"href":"https:\/\/simpleforms.lv\/lv\/wp-json\/wp\/v2\/media\/826"}],"wp:attachment":[{"href":"https:\/\/simpleforms.lv\/lv\/wp-json\/wp\/v2\/media?parent=824"}],"wp:term":[{"taxonomy":"product_brand","embeddable":true,"href":"https:\/\/simpleforms.lv\/lv\/wp-json\/wp\/v2\/product_brand?post=824"},{"taxonomy":"product_cat","embeddable":true,"href":"https:\/\/simpleforms.lv\/lv\/wp-json\/wp\/v2\/product_cat?post=824"},{"taxonomy":"product_tag","embeddable":true,"href":"https:\/\/simpleforms.lv\/lv\/wp-json\/wp\/v2\/product_tag?post=824"}],"curies":[{"name":"wp","href":"https:\/\/api.w.org\/{rel}","templated":true}]}}