{"id":879,"date":"2026-01-30T10:30:46","date_gmt":"2026-01-30T10:30:46","guid":{"rendered":"https:\/\/simpleforms.lv\/?post_type=product&#038;p=879"},"modified":"2026-01-30T15:26:47","modified_gmt":"2026-01-30T15:26:47","slug":"%d1%81%d0%bf%d1%80%d0%b5%d0%b9-%d0%b4%d0%bb%d1%8f-%d0%b2%d1%8b%d0%b2%d0%b5%d0%b4%d0%b5%d0%bd%d0%b8%d1%8f-%d0%bf%d1%8f%d1%82%d0%b5%d0%bd-%d0%bd%d0%b0-%d0%be%d0%b4%d0%b5%d0%b6%d0%b4%d0%b5","status":"publish","type":"product","link":"https:\/\/simpleforms.lv\/lv\/products\/%d1%81%d0%bf%d1%80%d0%b5%d0%b9-%d0%b4%d0%bb%d1%8f-%d0%b2%d1%8b%d0%b2%d0%b5%d0%b4%d0%b5%d0%bd%d0%b8%d1%8f-%d0%bf%d1%8f%d1%82%d0%b5%d0%bd-%d0%bd%d0%b0-%d0%be%d0%b4%d0%b5%d0%b6%d0%b4%d0%b5\/","title":{"rendered":"SPIRIT 77 ap\u0123\u0113rba traipu no\u0146em\u0161anas l\u012bdzeklis"},"content":{"rendered":"","protected":false},"excerpt":{"rendered":"","protected":false},"featured_media":880,"comment_status":"open","ping_status":"closed","template":"","meta":[],"product_brand":[],"product_cat":[85],"product_tag":[],"class_list":{"0":"post-879","1":"product","2":"type-product","3":"status-publish","4":"has-post-thumbnail","6":"product_cat-85","8":"first","9":"instock","10":"shipping-taxable","11":"purchasable","12":"product-type-simple"},"_links":{"self":[{"href":"https:\/\/simpleforms.lv\/lv\/wp-json\/wp\/v2\/product\/879","targetHints":{"allow":["GET"]}}],"collection":[{"href":"https:\/\/simpleforms.lv\/lv\/wp-json\/wp\/v2\/product"}],"about":[{"href":"https:\/\/simpleforms.lv\/lv\/wp-json\/wp\/v2\/types\/product"}],"replies":[{"embeddable":true,"href":"https:\/\/simpleforms.lv\/lv\/wp-json\/wp\/v2\/comments?post=879"}],"wp:featuredmedia":[{"embeddable":true,"href":"https:\/\/simpleforms.lv\/lv\/wp-json\/wp\/v2\/media\/880"}],"wp:attachment":[{"href":"https:\/\/simpleforms.lv\/lv\/wp-json\/wp\/v2\/media?parent=879"}],"wp:term":[{"taxonomy":"product_brand","embeddable":true,"href":"https:\/\/simpleforms.lv\/lv\/wp-json\/wp\/v2\/product_brand?post=879"},{"taxonomy":"product_cat","embeddable":true,"href":"https:\/\/simpleforms.lv\/lv\/wp-json\/wp\/v2\/product_cat?post=879"},{"taxonomy":"product_tag","embeddable":true,"href":"https:\/\/simpleforms.lv\/lv\/wp-json\/wp\/v2\/product_tag?post=879"}],"curies":[{"name":"wp","href":"https:\/\/api.w.org\/{rel}","templated":true}]}}